{"id":6,"date":"2020-05-09T12:29:02","date_gmt":"2020-05-09T12:29:02","guid":{"rendered":"http:\/\/ddownloads.org\/?page_id=6"},"modified":"2025-02-02T15:46:24","modified_gmt":"2025-02-02T15:46:24","slug":"about","status":"publish","type":"page","link":"https:\/\/ddownloads.org\/pl\/about\/","title":{"rendered":"O nas"},"content":{"rendered":"\r\n<p>The sole purpose of this site (https:\/\/ddownloads.org) is to provide information about services offered by ddownload.<\/p>\r\n<p>ddownloads.org is an independent website and is not affiliated, associated, authorized, endorsed by, or in any way officially connected with ddownload dot com. The owners of ddownloads.org have no partnership, business relationship, or any other ties whatsoever with ddownload dot com. Any similarities in name are purely coincidental.<\/p>\r\n<p>Furthermore, ddownloads.org does not host, store, or distribute any copyrighted material or content that violates the DMCA.<\/p>\r\n<p>This website only hosts the files necessary to serve its own http services.<\/p>\r\n","protected":false},"excerpt":{"rendered":"<p>Jedynym celem tej strony (https:\/\/ddownloads.org) jest dostarczanie informacji o us\u0142ugach oferowanych przez ddownload. ddownloads.org jest niezale\u017cn\u0105 stron\u0105 internetow\u0105 i nie jest powi\u0105zana, stowarzyszona, autoryzowana ani wspierana przez ddownload dot com, ani nie ma z nim \u017cadnych oficjalnych powi\u0105za\u0144. W\u0142a\u015bciciele ddownloads.org &hellip;<\/p>\n<p class=\"read-more\"> <a class=\"more-link\" href=\"https:\/\/ddownloads.org\/pl\/about\/\"> <span class=\"screen-reader-text\">O nas<\/span> Czytaj wi\u0119cej  &raquo;<\/a><\/p>\n","protected":false},"author":1,"featured_media":0,"parent":0,"menu_order":12,"comment_status":"closed","ping_status":"closed","template":"gutenberg-fullwidth.php","meta":{"footnotes":""},"class_list":["post-6","page","type-page","status-publish","hentry"],"_links":{"self":[{"href":"https:\/\/ddownloads.org\/pl\/wp-json\/wp\/v2\/pages\/6","targetHints":{"allow":["GET"]}}],"collection":[{"href":"https:\/\/ddownloads.org\/pl\/wp-json\/wp\/v2\/pages"}],"about":[{"href":"https:\/\/ddownloads.org\/pl\/wp-json\/wp\/v2\/types\/page"}],"author":[{"embeddable":true,"href":"https:\/\/ddownloads.org\/pl\/wp-json\/wp\/v2\/users\/1"}],"replies":[{"embeddable":true,"href":"https:\/\/ddownloads.org\/pl\/wp-json\/wp\/v2\/comments?post=6"}],"version-history":[{"count":14,"href":"https:\/\/ddownloads.org\/pl\/wp-json\/wp\/v2\/pages\/6\/revisions"}],"predecessor-version":[{"id":2773,"href":"https:\/\/ddownloads.org\/pl\/wp-json\/wp\/v2\/pages\/6\/revisions\/2773"}],"wp:attachment":[{"href":"https:\/\/ddownloads.org\/pl\/wp-json\/wp\/v2\/media?parent=6"}],"curies":[{"name":"wp","href":"https:\/\/api.w.org\/{rel}","templated":true}]}}