{"id":2265,"date":"2024-02-06T11:43:56","date_gmt":"2024-02-06T11:43:56","guid":{"rendered":"https:\/\/ddownloads.org\/?page_id=2265"},"modified":"2026-02-19T14:45:54","modified_gmt":"2026-02-19T14:45:54","slug":"announcements","status":"publish","type":"page","link":"https:\/\/ddownloads.org\/es\/announcements\/","title":{"rendered":"Anuncios"},"content":{"rendered":"<p><strong>Announcement on Feb 18, 2026<\/strong><br \/>\nAccording to recent information, support dot ddownload dot com has been discontinued. Many users were submitting both emails and support tickets at the same time, which resulted in duplicate processing and unnecessary workload.<br \/>\nA new support system based on Zendesk is expected to be introduced soon as an alternative.<\/p>\n<p><strong>Announcement on October 10, 2024<\/strong><br \/>\nNew affiliate conditions, which will be an improvement over the current terms, will be announced with the release of Version 2.<\/p>\n<p>New peering agreements have been successfully negotiated and will be finalized within the next 2 to 3 weeks. As a result, customers can expect optimal speeds. Enhanced security measures have also been implemented for affiliate users\u2019 data. Although some data was lost last year due to outages, this issue has been fully addressed and will not recur.<\/p>\n<p>Version 2 of DDownload is still under development and is expected to be completed and officially announced between Q1 and Q2 of 2025. This update will include VPN features for customers, even with excellent peering agreements in place.<\/p>\n<p>Marketing campaigns are already running across various channels, which are positively impacting affiliate sales. Regardless of the payment method used, all transactions are counted as sales. Each payment method is linked to unique customer IDs that are officially tracked by session.<\/p>\n<p><strong>Announcement on February 5, 2024<\/strong><br \/>\nKindly be aware that modifications have been made to the FTP login credentials. It is imperative that you employ the newly provided passwords. You can locate them within the &#8220;FTP Upload&#8221; tab by visiting the following URL: https:\/\/ddownload.com\/?op=upload_form.<\/p>\n<p>Furthermore, the process of whitelisting IP addresses is no longer a prerequisite for access.<\/p>\n","protected":false},"excerpt":{"rendered":"<p>Anuncio del 18 de febrero de 2026 Seg\u00fan la informaci\u00f3n reciente, support_ddownload_com ha sido desactivado. Muchos usuarios enviaban correos electr\u00f3nicos y abr\u00edan tickets al mismo tiempo, lo que generaba un procesamiento duplicado y una carga de trabajo innecesaria. Pr\u00f3ximamente se &hellip;<\/p>\n<p class=\"read-more\"> <a class=\"more-link\" href=\"https:\/\/ddownloads.org\/es\/announcements\/\"> <span class=\"screen-reader-text\">Anuncios<\/span> Leer M\u00e1s  &raquo;<\/a><\/p>\n","protected":false},"author":1,"featured_media":0,"parent":0,"menu_order":99,"comment_status":"closed","ping_status":"closed","template":"","meta":{"footnotes":""},"class_list":["post-2265","page","type-page","status-publish","hentry"],"_links":{"self":[{"href":"https:\/\/ddownloads.org\/es\/wp-json\/wp\/v2\/pages\/2265","targetHints":{"allow":["GET"]}}],"collection":[{"href":"https:\/\/ddownloads.org\/es\/wp-json\/wp\/v2\/pages"}],"about":[{"href":"https:\/\/ddownloads.org\/es\/wp-json\/wp\/v2\/types\/page"}],"author":[{"embeddable":true,"href":"https:\/\/ddownloads.org\/es\/wp-json\/wp\/v2\/users\/1"}],"replies":[{"embeddable":true,"href":"https:\/\/ddownloads.org\/es\/wp-json\/wp\/v2\/comments?post=2265"}],"version-history":[{"count":4,"href":"https:\/\/ddownloads.org\/es\/wp-json\/wp\/v2\/pages\/2265\/revisions"}],"predecessor-version":[{"id":3164,"href":"https:\/\/ddownloads.org\/es\/wp-json\/wp\/v2\/pages\/2265\/revisions\/3164"}],"wp:attachment":[{"href":"https:\/\/ddownloads.org\/es\/wp-json\/wp\/v2\/media?parent=2265"}],"curies":[{"name":"wp","href":"https:\/\/api.w.org\/{rel}","templated":true}]}}